{"id":6,"date":"2020-10-05T14:00:05","date_gmt":"2020-10-05T17:00:05","guid":{"rendered":"http:\/\/indiefestival.com.br\/2020esp\/?page_id=6"},"modified":"2020-10-14T15:52:02","modified_gmt":"2020-10-14T18:52:02","slug":"cadastre-se","status":"publish","type":"page","link":"http:\/\/indiefestival.com.br\/2020esp\/minha-conta\/cadastre-se\/","title":{"rendered":"Cadastre-se"},"content":{"rendered":"<div class=\"tml tml-register\">\n<div class=\"tml-alerts\"><\/div><form name=\"register\" action=\"http:\/\/indiefestival.com.br\/2020esp\/register\/\" method=\"post\" novalidate=\"novalidate\">\n<input name=\"user_login\" type=\"hidden\" value=\"usercbdde3bcaaaae388b679dd0a7246a34e\" id=\"user_login\">\n\n<div class=\"tml-field-wrap tml-user_email-wrap\">\n<label class=\"tml-label\" for=\"user_email\">E-mail<\/label>\n<input name=\"user_email\" type=\"email\" value=\"\" id=\"user_email\" class=\"tml-field\">\n<\/div>\n\n<div class=\"tml-field-wrap tml-user_pass1-wrap\">\n<label class=\"tml-label\" for=\"pass1\">Senha<\/label>\n<input name=\"user_pass1\" type=\"password\" value=\"\" id=\"pass1\" autocomplete=\"off\" class=\"tml-field\">\n<\/div>\n\n<div class=\"tml-field-wrap tml-user_pass2-wrap\">\n<label class=\"tml-label\" for=\"pass2\">Confirmar senha<\/label>\n<input name=\"user_pass2\" type=\"password\" value=\"\" id=\"pass2\" autocomplete=\"off\" class=\"tml-field\">\n<\/div>\n\n<div class=\"tml-field-wrap tml-indicator-wrap\">\n<div id=\"pass-strength-result\" class=\"hide-if-no-js\" aria-live=\"polite\">Indicador de for\u00e7a<\/div><\/div>\n\n<div class=\"tml-field-wrap tml-indicator_hint-wrap\">\n<p class=\"description indicator-hint\">Dica: A senha deve ter pelo menos doze caracteres. Para torn\u00e1-la mais forte, use letras mai\u00fasculas e min\u00fasculas, n\u00fameros e s\u00edmbolos como ! \" ? $ % ^ &amp; ).<\/p><\/div>\n\n <!-- OneAll.com \/ Social Login for WordPress \/ v5.6 -->\n<div class=\"oneall_social_login\">\n <div class=\"oneall_social_login_label\" style=\"margin-bottom: 3px;\"><label>Entrar com<\/label><\/div>\n <div class=\"oneall_social_login_providers\" id=\"oneall_social_login_providers_1742831\"><\/div>\n <script data-cfasync=\"false\" type=\"text\/javascript\">\n  var _oneall = _oneall || [];\n  _oneall.push(['social_login', 'set_providers', ['facebook','google','twitter']]);\n  _oneall.push(['social_login', 'set_callback_uri', (window.location.href + ((window.location.href.split('?')[1] ? '&amp;': '?') + \"oa_social_login_source=registration\"))]);\n  _oneall.push(['social_login', 'set_custom_css_uri', 'http:\/\/public.oneallcdn.com\/css\/api\/socialize\/themes\/wordpress\/modern.css']);\n  _oneall.push(['social_login', 'do_render_ui', 'oneall_social_login_providers_1742831']);\n <\/script>\n<\/div>\n<div class=\"tml-field-wrap tml-submit-wrap\">\n<button name=\"submit\" type=\"submit\" class=\"tml-button\">Cadastre-se<\/button>\n<\/div>\n\n<input name=\"redirect_to\" type=\"hidden\" value=\"\">\n\n<\/form>\n<ul class=\"tml-links\"><li class=\"tml-login-link\"><a href=\"http:\/\/indiefestival.com.br\/2020esp\/login\/\">Acessar<\/a><\/li><li class=\"tml-lostpassword-link\"><a href=\"http:\/\/indiefestival.com.br\/2020esp\/lostpassword\/\">Perdeu a senha?<\/a><\/li><\/ul><\/div>\n\n","protected":false},"excerpt":{"rendered":"","protected":false},"author":1,"featured_media":0,"parent":19,"menu_order":0,"comment_status":"closed","ping_status":"closed","template":"singular-login.php","meta":[],"_links":{"self":[{"href":"http:\/\/indiefestival.com.br\/2020esp\/wp-json\/wp\/v2\/pages\/6"}],"collection":[{"href":"http:\/\/indiefestival.com.br\/2020esp\/wp-json\/wp\/v2\/pages"}],"about":[{"href":"http:\/\/indiefestival.com.br\/2020esp\/wp-json\/wp\/v2\/types\/page"}],"author":[{"embeddable":true,"href":"http:\/\/indiefestival.com.br\/2020esp\/wp-json\/wp\/v2\/users\/1"}],"replies":[{"embeddable":true,"href":"http:\/\/indiefestival.com.br\/2020esp\/wp-json\/wp\/v2\/comments?post=6"}],"version-history":[{"count":6,"href":"http:\/\/indiefestival.com.br\/2020esp\/wp-json\/wp\/v2\/pages\/6\/revisions"}],"predecessor-version":[{"id":12,"href":"http:\/\/indiefestival.com.br\/2020esp\/wp-json\/wp\/v2\/pages\/6\/revisions\/12"}],"up":[{"embeddable":true,"href":"http:\/\/indiefestival.com.br\/2020esp\/wp-json\/wp\/v2\/pages\/19"}],"wp:attachment":[{"href":"http:\/\/indiefestival.com.br\/2020esp\/wp-json\/wp\/v2\/media?parent=6"}],"curies":[{"name":"wp","href":"https:\/\/api.w.org\/{rel}","templated":true}]}}