{"id":1951,"date":"2023-05-10T12:08:30","date_gmt":"2023-05-10T15:08:30","guid":{"rendered":"http:\/\/indiefestival.com.br\/indie2023\/?page_id=1951"},"modified":"2023-05-10T12:56:30","modified_gmt":"2023-05-10T15:56:30","slug":"online","status":"publish","type":"page","link":"http:\/\/indiefestival.com.br\/indie2023\/?page_id=1951","title":{"rendered":"Online"},"content":{"rendered":"\n<p>A sess\u00e3o de curtas online fica dispon\u00edvel durante todo o Festival. Para assistir, basta acessar o t\u00edtulo neste per\u00edodo.<\/p>\n","protected":false},"excerpt":{"rendered":"<p>A sess\u00e3o de curtas online fica dispon\u00edvel durante todo o Festival. Para assistir, basta acessar o t\u00edtulo neste per\u00edodo.<\/p>\n","protected":false},"author":1,"featured_media":0,"parent":0,"menu_order":2,"comment_status":"closed","ping_status":"closed","template":"singular-listaonline.php","meta":{"_expiration-date-status":"","_expiration-date":0,"_expiration-date-type":"","_expiration-date-categories":[],"_expiration-date-options":[]},"acf":[],"_links":{"self":[{"href":"http:\/\/indiefestival.com.br\/indie2023\/index.php?rest_route=\/wp\/v2\/pages\/1951"}],"collection":[{"href":"http:\/\/indiefestival.com.br\/indie2023\/index.php?rest_route=\/wp\/v2\/pages"}],"about":[{"href":"http:\/\/indiefestival.com.br\/indie2023\/index.php?rest_route=\/wp\/v2\/types\/page"}],"author":[{"embeddable":true,"href":"http:\/\/indiefestival.com.br\/indie2023\/index.php?rest_route=\/wp\/v2\/users\/1"}],"replies":[{"embeddable":true,"href":"http:\/\/indiefestival.com.br\/indie2023\/index.php?rest_route=%2Fwp%2Fv2%2Fcomments&post=1951"}],"version-history":[{"count":6,"href":"http:\/\/indiefestival.com.br\/indie2023\/index.php?rest_route=\/wp\/v2\/pages\/1951\/revisions"}],"predecessor-version":[{"id":1963,"href":"http:\/\/indiefestival.com.br\/indie2023\/index.php?rest_route=\/wp\/v2\/pages\/1951\/revisions\/1963"}],"wp:attachment":[{"href":"http:\/\/indiefestival.com.br\/indie2023\/index.php?rest_route=%2Fwp%2Fv2%2Fmedia&parent=1951"}],"curies":[{"name":"wp","href":"https:\/\/api.w.org\/{rel}","templated":true}]}}